{"id":8970,"date":"2023-06-30T11:06:20","date_gmt":"2023-06-30T09:06:20","guid":{"rendered":"https:\/\/fr.gimo.it\/?page_id=8970"},"modified":"2026-04-17T14:07:21","modified_gmt":"2026-04-17T12:07:21","slug":"home-page-fr","status":"publish","type":"page","link":"https:\/\/fr.gimo.it\/","title":{"rendered":"Home Page FR"},"content":{"rendered":"<p>[vc_row el_id=&#8221;chisiamo&#8221;][vc_column][mkd_elements_holder number_of_columns=&#8221;two-columns&#8221; switch_to_one_column=&#8221;768&#8243;][mkd_elements_holder_item background_image=&#8221;8703&#8243; item_padding=&#8221;26% 0&#8243; item_padding_600_768=&#8221;205px 100px 180px 100px&#8221;][\/mkd_elements_holder_item][mkd_elements_holder_item background_color=&#8221;#ffffff&#8221; item_padding=&#8221;0 20% 0 11%&#8221; horizontal_aligment=&#8221;center&#8221; vertical_alignment=&#8221;top&#8221; item_padding_1280_1440=&#8221;9% 11% 8% 9%&#8221; item_padding_1024_1280=&#8221;13% 11% 12% 9%&#8221; item_padding_600_768=&#8221;10% 6% 10% 11%&#8221; item_padding_480_600=&#8221;20% 22% 20% 11%&#8221; item_padding_480=&#8221;20% 22% 20% 11%&#8221;][vc_column_text]<\/p>\n<h3><span style=\"color: #ffffff;\">MY HOME<br \/>\nVirtual Tour<\/span><\/h3>\n<p>[\/vc_column_text][mkd_section_title title=&#8221;Rencontrez notre \u00e9quipe de professionnels d\u00e9vou\u00e9s&#8221; title_color=&#8221;&#8221; title_text_transform=&#8221;uppercase&#8221; title_text_align=&#8221;left&#8221; margin_bottom=&#8221;&#8221; title_size=&#8221;&#8221; type_out=&#8221;no&#8221;][mkd_section_subtitle color=&#8221;&#8221; text_align=&#8221;left&#8221; text=&#8221;Nous sommes une \u00e9quipe dynamique de professionnels hautement qualifi\u00e9s qui se consacrent \u00e0 fournir des solutions personnalis\u00e9es pour les besoins en mobilier de nos partenaires commerciaux. Nous simplifions et optimisons le processus pour vous.&#8221; width=&#8221;&#8221;][\/mkd_elements_holder_item][\/mkd_elements_holder][\/vc_column][\/vc_row][vc_row][vc_column][mkd_elements_holder number_of_columns=&#8221;two-columns&#8221; switch_to_one_column=&#8221;768&#8243;][mkd_elements_holder_item background_color=&#8221;#ffffff&#8221; item_padding=&#8221;0 11% 0 20%&#8221; item_padding_1280_1440=&#8221;9% 11% 8% 9%&#8221; item_padding_1024_1280=&#8221;13% 11% 12% 9%&#8221; item_padding_600_768=&#8221;10% 6% 10% 11%&#8221; item_padding_480_600=&#8221;20% 22% 20% 11%&#8221; item_padding_480=&#8221;20% 22% 20% 11%&#8221;][mkd_section_title title=&#8221;Notre philosophie &#8211; Votre succ\u00e8s&#8221; title_color=&#8221;&#8221; title_text_transform=&#8221;uppercase&#8221; title_text_align=&#8221;right&#8221; margin_bottom=&#8221;&#8221; title_size=&#8221;&#8221; type_out=&#8221;no&#8221;][mkd_section_subtitle color=&#8221;&#8221; text_align=&#8221;right&#8221; text=&#8221;Nous fournissons des services de conseil strat\u00e9gique, ainsi que des solutions int\u00e9gr\u00e9es adapt\u00e9es \u00e0 vos besoins. Notre \u00e9quipe d&#8217;experts travaille main dans la main avec vous afin de vous apporter le soutien le plus efficace pour atteindre vos objectifs.&#8221; width=&#8221;&#8221;][\/mkd_elements_holder_item][mkd_elements_holder_item background_image=&#8221;8964&#8243; item_padding=&#8221;26% 0&#8243; horizontal_aligment=&#8221;center&#8221; item_padding_600_768=&#8221;205px 100px 180px 100px&#8221;][\/mkd_elements_holder_item][\/mkd_elements_holder][\/vc_column][\/vc_row][vc_row content_width=&#8221;grid&#8221; content_aligment=&#8221;center&#8221; css=&#8221;.vc_custom_1675244090802{padding-top: 107px !important;padding-bottom: 20px !important;background-color: #fafafa !important;}&#8221; el_id=&#8221;servizi&#8221;][vc_column][mkd_section_title title=&#8221;Nos services&#8221; title_color=&#8221;&#8221; title_text_transform=&#8221;&#8221; title_text_align=&#8221;&#8221; margin_bottom=&#8221;&#8221; title_size=&#8221;&#8221; type_out=&#8221;no&#8221;][mkd_section_subtitle color=&#8221;&#8221; text_align=&#8221;center&#8221; text=&#8221;Notre \u00e9quipe de designers qualifi\u00e9s peut vous aider \u00e0 r\u00e9aliser vos projets d&#8217;am\u00e9nagement int\u00e9rieur. Nous proposons des solutions personnalis\u00e9es pour tous vos besoins en mati\u00e8re de design, en assurant ainsi le soutien le plus efficace.&#8221; width=&#8221;80&#8243;][vc_empty_space][mkd_blog_list type=&#8221;grid-type-2&#8243; number_of_columns=&#8221;4&#8243; order_by=&#8221;date&#8221; order=&#8221;ASC&#8221; hide_image=&#8221;&#8221; image_size=&#8221;landscape&#8221; title_tag=&#8221;h5&#8243; category=&#8221;services&#8221; text_length=&#8221;1000&#8243;][\/vc_column][\/vc_row][vc_row][vc_column][mkd_elements_holder number_of_columns=&#8221;two-columns&#8221; switch_to_one_column=&#8221;768&#8243;][mkd_elements_holder_item background_image=&#8221;8921&#8243; item_padding=&#8221;26% 0&#8243; horizontal_aligment=&#8221;center&#8221; item_padding_600_768=&#8221;205px 100px 180px 100px&#8221;][mkd_video_button video_link=&#8221;https:\/\/youtu.be\/6jw9QlnDxyA&#8221; button_size=&#8221;72&#8243; title_style=&#8221;dark&#8221;][\/mkd_elements_holder_item][mkd_elements_holder_item background_color=&#8221;#1a1a1a&#8221; item_padding=&#8221;0 30% 0 11%&#8221; item_padding_1280_1440=&#8221;9% 11% 8% 9%&#8221; item_padding_1024_1280=&#8221;13% 11% 12% 9%&#8221; item_padding_600_768=&#8221;10% 6% 10% 11%&#8221; item_padding_480_600=&#8221;20% 22% 20% 11%&#8221; item_padding_480=&#8221;20% 22% 20% 11%&#8221;][vc_column_text]<\/p>\n<h3><span style=\"color: #ffffff;\">MY HOME<br \/>\nVirtual Tour<\/span><\/h3>\n<p>[\/vc_column_text][vc_empty_space height=&#8221;17px&#8221;][vc_column_text]<span style=\"color: #ffffff;\">Visitez virtuellement MY HOME, un projet de d\u00e9coration d&#8217;int\u00e9rieur innovant que Gimo Group propose \u00e0 tous les partenaires \u00e0 la recherche de solutions d&#8217;ameublement classiques et contemporaines enti\u00e8rement personnalis\u00e9es.<\/span><br \/>\n[\/vc_column_text][vc_empty_space height=&#8221;40px&#8221;][\/mkd_elements_holder_item][\/mkd_elements_holder][\/vc_column][\/vc_row][vc_row content_width=&#8221;grid&#8221; content_aligment=&#8221;center&#8221; css=&#8221;.vc_custom_1675265027745{padding-top: 107px !important;padding-bottom: 20px !important;background-color: #fafafa !important;}&#8221; el_id=&#8221;consorzio&#8221;][vc_column][mkd_section_title title=&#8221;Nos entreprises&#8221; title_color=&#8221;&#8221; title_text_transform=&#8221;&#8221; title_text_align=&#8221;&#8221; margin_bottom=&#8221;&#8221; title_size=&#8221;&#8221; type_out=&#8221;no&#8221;][vc_empty_space][mkd_image_gallery type=&#8221;image_grid&#8221; column_number=&#8221;5&#8243; spacing=&#8221;medium&#8221; pretty_photo=&#8221;no&#8221; grayscale=&#8221;no&#8221; images=&#8221;8789,8788,8787,8786,8785,8784,8783,8782,8781&#8243; image_size=&#8221;full&#8221;][\/vc_column][\/vc_row][vc_row row_type=&#8221;parallax&#8221; content_width=&#8221;grid&#8221; content_aligment=&#8221;center&#8221; full_screen_section_height=&#8221;no&#8221; section_height=&#8221;450&#8243; parallax_background_image=&#8221;8770&#8243;][vc_column][vc_empty_space height=&#8221;120px&#8221;][mkd_section_title title=&#8221;Gruppo Gimo \u00e0 votre service&#8221; title_color=&#8221;#ffffff&#8221; title_text_transform=&#8221;&#8221; title_text_align=&#8221;&#8221; margin_bottom=&#8221;&#8221; title_size=&#8221;&#8221; type_out=&#8221;no&#8221;][mkd_section_subtitle color=&#8221;#ffffff&#8221; text_align=&#8221;center&#8221; text=&#8221;Que vous soyez \u00e0 la recherche d&#8217;un nouveau meuble ou que vous ayez besoin d&#8217;aide pour un projet de d\u00e9coration d&#8217;int\u00e9rieur, nous sommes l\u00e0 pour vous aider.&#8221; width=&#8221;80&#8243;][vc_empty_space height=&#8221;20px&#8221;][mkd_button size=&#8221;&#8221; type=&#8221;solid&#8221; hover_type=&#8221;solid&#8221; target=&#8221;_self&#8221; icon_pack=&#8221;&#8221; hover_animation=&#8221;disable&#8221; font_weight=&#8221;&#8221; text=&#8221;Nous contacter&#8221; link=&#8221;#contatti&#8221; color=&#8221;#ffffff&#8221; hover_color=&#8221;#e19543&#8243; background_color=&#8221;#e19543&#8243; hover_background_color=&#8221;#ffffff&#8221; border_color=&#8221;#e19543&#8243; hover_border_color=&#8221;#ffffff&#8221;][vc_empty_space height=&#8221;60px&#8221;][\/vc_column][\/vc_row][vc_row content_width=&#8221;grid&#8221; css=&#8221;.vc_custom_1675268858153{padding-top: 85px !important;padding-bottom: 80px !important;background-color: #ffffff !important;}&#8221; el_id=&#8221;contatti&#8221;][vc_column offset=&#8221;vc_col-lg-6 vc_col-md-12&#8243;][mkd_section_title title=&#8221;Contactez-nous&#8221; title_color=&#8221;&#8221; title_text_transform=&#8221;&#8221; title_text_align=&#8221;left&#8221; margin_bottom=&#8221;&#8221; title_size=&#8221;&#8221; type_out=&#8221;no&#8221;][vc_column_text]<\/p>\n<h5>Gruppo Gimo<\/h5>\n<p>[\/vc_column_text][vc_empty_space height=&#8221;21px&#8221;][mkd_icon_list_item icon_pack=&#8221;font_elegant&#8221; fe_icon=&#8221;icon_pin&#8221; icon_gradient_style=&#8221;&#8221; title_font_family=&#8221;default-font-family&#8221; icon_size=&#8221;17&#8243; title=&#8221;Via Livornese, 96\/A 56035 Perignano Area Industriale &#8211; Artigianale (PI) Italy&#8221; space_title_and_icon=&#8221;&#8221; margin_bottom=&#8221;&#8221; icon_color=&#8221;#e19543&#8243;][vc_empty_space height=&#8221;34px&#8221;][contact-form-7 id=&#8221;501&#8243;][vc_empty_space height=&#8221;30px&#8221;][\/vc_column][vc_column offset=&#8221;vc_col-lg-6 vc_col-md-12&#8243;][mkd_section_title title=&#8221;Nos bureaux dans le monde&#8221; title_color=&#8221;&#8221; title_text_transform=&#8221;&#8221; title_text_align=&#8221;left&#8221; margin_bottom=&#8221;&#8221; title_size=&#8221;&#8221; type_out=&#8221;no&#8221;][vc_row_inner][vc_column_inner width=&#8221;1\/2&#8243;][vc_column_text]<\/p>\n<h5>PENTASTUDIO | Roma<\/h5>\n<p>[\/vc_column_text][vc_empty_space height=&#8221;21px&#8221;][mkd_icon_list_item icon_pack=&#8221;font_elegant&#8221; fe_icon=&#8221;icon_comment&#8221; icon_gradient_style=&#8221;&#8221; title_font_family=&#8221;default-font-family&#8221; icon_size=&#8221;17&#8243; space_title_and_icon=&#8221;&#8221; margin_bottom=&#8221;&#8221; icon_color=&#8221;#e19543&#8243; title=&#8221;progettazione@gimo.it&#8221;][vc_empty_space height=&#8221;30px&#8221;][\/vc_column_inner][vc_column_inner width=&#8221;1\/2&#8243;][vc_column_text]<\/p>\n<h5>CARPE DIEM USA HLDG INC. | New York &#8211; Miami &#8211; Los Angeles<\/h5>\n<p>[\/vc_column_text][vc_empty_space height=&#8221;21px&#8221;][mkd_icon_list_item icon_pack=&#8221;font_elegant&#8221; fe_icon=&#8221;icon_comment&#8221; icon_gradient_style=&#8221;&#8221; title_font_family=&#8221;default-font-family&#8221; icon_size=&#8221;17&#8243; title=&#8221;sales@carpediemworldwide.com&#8221; space_title_and_icon=&#8221;&#8221; margin_bottom=&#8221;&#8221; icon_color=&#8221;#e19543&#8243;][vc_empty_space height=&#8221;30px&#8221;][\/vc_column_inner][\/vc_row_inner][vc_row_inner][vc_column_inner width=&#8221;1\/2&#8243;][vc_column_text]<\/p>\n<h5>5 SENSES DESIGN | Dubai<\/h5>\n<p>[\/vc_column_text][vc_empty_space height=&#8221;21px&#8221;][mkd_icon_list_item icon_pack=&#8221;font_elegant&#8221; fe_icon=&#8221;icon_comment&#8221; icon_gradient_style=&#8221;&#8221; title_font_family=&#8221;default-font-family&#8221; icon_size=&#8221;17&#8243; title=&#8221;hello@5sensesdesign.com&#8221; space_title_and_icon=&#8221;&#8221; margin_bottom=&#8221;&#8221; icon_color=&#8221;#e19543&#8243;][vc_empty_space height=&#8221;30px&#8221;][\/vc_column_inner][vc_column_inner width=&#8221;1\/2&#8243;][vc_column_text]<\/p>\n<h5>GIMO OFFICE MOSCOW | Moscow<\/h5>\n<p>[\/vc_column_text][vc_empty_space height=&#8221;21px&#8221;][mkd_icon_list_item icon_pack=&#8221;font_elegant&#8221; fe_icon=&#8221;icon_comment&#8221; icon_gradient_style=&#8221;&#8221; title_font_family=&#8221;default-font-family&#8221; icon_size=&#8221;17&#8243; title=&#8221;hel-gaa@yandex.ru&#8221; space_title_and_icon=&#8221;&#8221; margin_bottom=&#8221;&#8221; icon_color=&#8221;#e19543&#8243;][vc_empty_space height=&#8221;30px&#8221;][\/vc_column_inner][\/vc_row_inner][vc_row_inner][vc_column_inner width=&#8221;1\/2&#8243;][vc_column_text]<\/p>\n<h5>GIMO OFFICE KIEV | Kiev<\/h5>\n<p>[\/vc_column_text][vc_empty_space height=&#8221;21px&#8221;][mkd_icon_list_item icon_pack=&#8221;font_elegant&#8221; fe_icon=&#8221;icon_comment&#8221; icon_gradient_style=&#8221;&#8221; title_font_family=&#8221;default-font-family&#8221; icon_size=&#8221;17&#8243; title=&#8221;svetlana.stoliarova@gimo.it&#8221; space_title_and_icon=&#8221;&#8221; margin_bottom=&#8221;&#8221; icon_color=&#8221;#e19543&#8243;][vc_empty_space height=&#8221;30px&#8221;][\/vc_column_inner][vc_column_inner width=&#8221;1\/2&#8243;][\/vc_column_inner][\/vc_row_inner][\/vc_column][\/vc_row][vc_row][vc_column][vc_column_text][put_wpgm id=1][\/vc_column_text][\/vc_column][\/vc_row]<\/p>\n<div style=\"position: absolute; left: -7566px;\">\n<p>Discover thrilling slots with massive jackpots at an <a href=\"https:\/\/www.a-stickservice.de\/\">online casino ohne lugas<\/a>, where seamless gameplay meets exciting opportunities to win big without leaving your home.<\/p>\n<\/div>\n<div style=\"position: absolute; left: -7566px;\">\n<p>Explore a world of gaming excitement with <a href=\"https:\/\/xn--b1atfb1adk.xn--p1ai\/\">1win<\/a> where diverse casino games from top providers await, offering a secure and reliable platform for all your betting adventures.<\/p>\n<\/div>\n<div style=\"position: absolute; left: -7566px;\">\n<p>Esplora un mondo di intrattenimento con una vasta gamma di giochi da casin\u00f2, inclusi i nostri esclusivi <a href=\"https:\/\/www.casalefbc.it\/casino-non-aams\/\">casino non aams<\/a>, dove la sicurezza e l&#8217;affidabilit\u00e0 sono la nostra priorit\u00e0.<\/p>\n<\/div>\n<div style=\"position: absolute; left: -7566px;\">\n<p>Scopri il brivido delle slot con <a href=\"https:\/\/fastbet-italy.com\/app\/\">https:\/\/fastbet-italy.com\/app\/<\/a> e tenta di vincere incredibili jackpot mentre ti godi un&#8217;esperienza di gioco unica con offerte e promozioni imperdi.<\/p>\n<\/div>\n<div style=\"position: absolute; left: -7566px;\">\n<p>Esplora l&#8217;entusiasmante mondo delle slots e scopri i <a href=\"https:\/\/www.cagliaricalcio.it\/siti-scommesse-non-aams.html\">siti non aams<\/a> per vivere un&#8217;avventura di gioco con jackpot incredibili e dealer dal vivo pronti a sfidarti al tavolo verde.<\/p>\n<\/div>\n<div style=\"position: absolute; left: -7566px;\">\n<p>Bij ons is het spelen een fluitje van een cent: met snelle registratie, razendsnelle stortingen en bliksemsnelle uitbetalingen maakt <a href=\"https:\/\/wizspin-casino.com\">wizspin<\/a> jouw casino-ervaring moeiteloos en leu.<\/p>\n<\/div>\n<div style=\"position: absolute; left: -7566px;\">\n<p>Scopri le emozioni del casin\u00f2 online con <a href=\"https:\/\/play.google.com\/store\/apps\/details?id=com.game.sisal.free.app&amp;gl=it\">sisal slot<\/a>, dove puoi beneficiare di generosi bonus di benvenuto, cashback settimanali e promozioni costantemente rinnovate.<\/p>\n<\/div>\n<div style=\"position: absolute; left: -7566px;\">\n<p>Scopri l&#8217;eccitazione del gioco in tempo reale con veri croupier dal vivo al <a href=\"https:\/\/lolajack-casino.it\/\">Lolajack casino<\/a>, dove la sicurezza e l&#8217;affidabilit\u00e0 creano un&#8217;atmosfera autentica di casin\u00f2.<\/p>\n<\/div>\n<div style=\"position: absolute; left: -7566px;\">\n<p>Dive into a world of thrilling entertainment with an expansive selection of slots, live dealers, and more; snagging a <a href=\"https:\/\/richardcasino-au.com\/no-deposit-bonus\/\">richard casino bonus<\/a> could be your next big win in the game!<\/p>\n<\/div>\n<div style=\"position: absolute; left: -7566px;\">\n<p>Experience the thrill of real-time gaming with live dealers at <a href=\"https:\/\/koala-casino.com\/\">Koala Casino<\/a>, where you can immerse yourself in a genuine casino atmosphere right from the comfort of your home.<\/p>\n<\/div>\n","protected":false},"excerpt":{"rendered":"<p>[vc_row el_id=&#8221;chisiamo&#8221;][vc_column][mkd_elements_holder number_of_columns=&#8221;two-columns&#8221; switch_to_one_column=&#8221;768&#8243;][mkd_elements_holder_item background_image=&#8221;8703&#8243; item_padding=&#8221;26% 0&#8243; item_padding_600_768=&#8221;205px 100px 180px 100px&#8221;][\/mkd_elements_holder_item][mkd_elements_holder_item background_color=&#8221;#ffffff&#8221; item_padding=&#8221;0 20% 0 11%&#8221; horizontal_aligment=&#8221;center&#8221; vertical_alignment=&#8221;top&#8221; item_padding_1280_1440=&#8221;9% 11% 8% 9%&#8221; item_padding_1024_1280=&#8221;13% 11% 12% 9%&#8221; item_padding_600_768=&#8221;10% 6% 10% 11%&#8221; item_padding_480_600=&#8221;20% 22% 20% 11%&#8221; item_padding_480=&#8221;20% 22% 20% 11%&#8221;][vc_column_text] MY HOME Virtual Tour [\/vc_column_text][mkd_section_title title=&#8221;Rencontrez notre&#8230;<\/p>\n","protected":false},"author":1,"featured_media":0,"parent":0,"menu_order":0,"comment_status":"closed","ping_status":"closed","template":"full-width.php","meta":[],"_links":{"self":[{"href":"https:\/\/fr.gimo.it\/index.php?rest_route=\/wp\/v2\/pages\/8970"}],"collection":[{"href":"https:\/\/fr.gimo.it\/index.php?rest_route=\/wp\/v2\/pages"}],"about":[{"href":"https:\/\/fr.gimo.it\/index.php?rest_route=\/wp\/v2\/types\/page"}],"author":[{"embeddable":true,"href":"https:\/\/fr.gimo.it\/index.php?rest_route=\/wp\/v2\/users\/1"}],"replies":[{"embeddable":true,"href":"https:\/\/fr.gimo.it\/index.php?rest_route=%2Fwp%2Fv2%2Fcomments&post=8970"}],"version-history":[{"count":16,"href":"https:\/\/fr.gimo.it\/index.php?rest_route=\/wp\/v2\/pages\/8970\/revisions"}],"predecessor-version":[{"id":48255,"href":"https:\/\/fr.gimo.it\/index.php?rest_route=\/wp\/v2\/pages\/8970\/revisions\/48255"}],"wp:attachment":[{"href":"https:\/\/fr.gimo.it\/index.php?rest_route=%2Fwp%2Fv2%2Fmedia&parent=8970"}],"curies":[{"name":"wp","href":"https:\/\/api.w.org\/{rel}","templated":true}]}}